{"id":12622,"date":"2022-04-27T09:27:38","date_gmt":"2022-04-27T09:27:38","guid":{"rendered":"http:\/\/parquezinave.gov.mz\/?page_id=12622"},"modified":"2022-06-16T09:56:44","modified_gmt":"2022-06-16T09:56:44","slug":"opening-hours","status":"publish","type":"page","link":"https:\/\/parquezinave.gov.mz\/pt\/opening-hours\/","title":{"rendered":"Hor\u00e1rio de funcionamento"},"content":{"rendered":"<div data-elementor-type=\"wp-page\" data-elementor-id=\"12622\" class=\"elementor elementor-12622\">\n\t\t\t\t\t\t<section class=\"elementor-section elementor-top-section elementor-element elementor-element-266333e5 tm-column-break-ipad-yes elementor-section-stretched tm-col-stretched-none elementor-section-boxed elementor-section-height-default elementor-section-height-default\" data-id=\"266333e5\" data-element_type=\"section\" data-e-type=\"section\" data-settings=\"{&quot;stretch_section&quot;:&quot;section-stretched&quot;,&quot;background_background&quot;:&quot;classic&quot;}\">\n\t\t\t\t\t\t<div class=\"elementor-container elementor-column-gap-default\">\n\t\t\t\t\t<div class=\"elementor-column elementor-col-100 elementor-top-column elementor-element elementor-element-0ee69fa\" data-id=\"0ee69fa\" data-element_type=\"column\" data-e-type=\"column\">\n\t\t\t<div class=\"elementor-widget-wrap elementor-element-populated\">\n\t\t\t\t\t\t<div class=\"elementor-element elementor-element-ceb831b tm-align-center elementor-widget elementor-widget-tm_heading\" data-id=\"ceb831b\" data-element_type=\"widget\" data-e-type=\"widget\" data-widget_type=\"tm_heading.default\">\n\t\t\t\t<div class=\"elementor-widget-container\">\n\t\t\t\t\t<div class=\"tm-element-heading-content-wrapper center-align  tm-seperator-none  tm-heading-style-vertical\"><div class=\"tm-content-header\"><h4 class=\"tm-element-subheading\">\n\t\t\t\tO Parque Nacional do Zinave \u00e9 acess\u00edvel todos os dias do ano nos seguintes hor\u00e1rios: da <strong>6h00 \u00e0s 18h00 de Outubro a Mar\u00e7o<\/strong> e das <strong>07h00 \u00e0s 17h00 de Abril a Setembro.<\/strong>.\n\t\t\t<\/h4>\n\t\t<\/div><\/div>\t\t\t\t<\/div>\n\t\t\t\t<\/div>\n\t\t\t\t\t<\/div>\n\t\t<\/div>\n\t\t\t\t\t<\/div>\n\t\t<\/section>\n\t\t\t\t<section class=\"elementor-section elementor-top-section elementor-element elementor-element-acbfb7d tm-column-break-ipad-yes elementor-section-stretched tm-container1210px tm-bgcolor-grey tm-col-stretched-none elementor-section-boxed elementor-section-height-default elementor-section-height-default\" data-id=\"acbfb7d\" data-element_type=\"section\" data-e-type=\"section\" data-settings=\"{&quot;stretch_section&quot;:&quot;section-stretched&quot;,&quot;background_background&quot;:&quot;classic&quot;}\">\n\t\t\t\t\t\t\t<div class=\"elementor-background-overlay\"><\/div>\n\t\t\t\t\t\t\t<div class=\"elementor-container elementor-column-gap-no\">\n\t\t\t\t\t<div class=\"elementor-column elementor-col-100 elementor-top-column elementor-element elementor-element-9b97aa1\" data-id=\"9b97aa1\" data-element_type=\"column\" data-e-type=\"column\">\n\t\t\t<div class=\"elementor-widget-wrap elementor-element-populated\">\n\t\t\t\t\t\t<div class=\"elementor-section elementor-inner-section elementor-element elementor-element-e1b7f48 elementor-section-full_width tm-column-break-ipad-yes tm-col-stretched-none elementor-section-height-default elementor-section-height-default\" data-id=\"e1b7f48\" data-element_type=\"section\" data-e-type=\"section\">\n\t\t\t\t\t\t<div class=\"elementor-container elementor-column-gap-custom\">\n\t\t\t\t\t<div class=\"elementor-column elementor-col-33 elementor-inner-column elementor-element elementor-element-ed7b504\" data-id=\"ed7b504\" data-element_type=\"column\" data-e-type=\"column\">\n\t\t\t<div class=\"elementor-widget-wrap elementor-element-populated\">\n\t\t\t\t\t\t<div class=\"elementor-element elementor-element-e084b3d tm-align-left elementor-widget elementor-widget-tm_heading\" data-id=\"e084b3d\" data-element_type=\"widget\" data-e-type=\"widget\" data-widget_type=\"tm_heading.default\">\n\t\t\t\t<div class=\"elementor-widget-container\">\n\t\t\t\t\t<div class=\"tm-element-heading-content-wrapper left-align tm-reverse-heading-yes tm-seperator-none  tm-heading-style-vertical\"><div class=\"tm-content-header\"><h4 class=\"tm-element-subheading\">\n\t\t\t\tActividades\n\t\t\t<\/h4>\n\t\t<h2 class=\"tm-element-content-heading\">\n\t\t\t\tExplore a selva<br \/>remota e<br \/>beautitiful treed scenery\n\t\t\t<\/h2>\n\t\t<\/div><\/div>\t\t\t\t<\/div>\n\t\t\t\t<\/div>\n\t\t\t\t\t<\/div>\n\t\t<\/div>\n\t\t\t\t<div class=\"elementor-column elementor-col-33 elementor-inner-column elementor-element elementor-element-bd19b96\" data-id=\"bd19b96\" data-element_type=\"column\" data-e-type=\"column\">\n\t\t\t<div class=\"elementor-widget-wrap elementor-element-populated\">\n\t\t\t\t\t\t<div class=\"elementor-element elementor-element-4b4cc82 elementor-widget elementor-widget-tm_icon_heading\" data-id=\"4b4cc82\" data-element_type=\"widget\" data-e-type=\"widget\" data-widget_type=\"tm_icon_heading.default\">\n\t\t\t\t<div class=\"elementor-widget-container\">\n\t\t\t\t\t\n<div class=\"themetechmount-iconbox themetechmount-iconbox-styleone themetechmount-iconcolor-skincolor\">\n<div class=\"themetechmount-iconbox-inner\">\n\t\t<div class=\"tm-iconbox-wrapper\">\n\t\t\t<div class=\"themetechmount-iconbox-icon\">\n\t\t\t<div class=\"tm-box-icon\"><i class=\"kw_wilddale flaticon-jeep\"><\/i><\/div>\t\t\t<\/div>\n\t\t\t<div class=\"themetechmount-iconbox-heading\">\n\t\t\t\t<h2 class=\"tm-custom-heading\">\n\t\t\t\t\t\n\t\t\t\t\t\tSaf\u00e1ri 4x4\n\n\t\t\t\t\t\n\t\t\t\t\t<\/h2>\n\t\t\t\t\t\t\t\t\t\t\t\t<div class=\"tm-cta3-content-wrapper\">O Parque tem uma extensa rede de estradas para explorar a \u00e1rea central do santu\u00e1rio, rica em vida selvagem, e uma s\u00e9rie de estradas a leste e oeste do santu\u00e1rio.  <\/div>\t\t\t\t<div class=\"tm-iocnbox-btn\"><a href=\"https:\/\/parquezinave.gov.mz\/pt\/tours\/4x4selfdrive\/\"><span>Leia mais<\/span><\/a><\/div>\t\t\t<\/div>\t\n\t\t<\/div>\n\t<\/div>\t\n\n<\/div>\n\t\t\t\t<\/div>\n\t\t\t\t<\/div>\n\t\t\t\t\t<\/div>\n\t\t<\/div>\n\t\t\t\t<div class=\"elementor-column elementor-col-33 elementor-inner-column elementor-element elementor-element-ecf2be3\" data-id=\"ecf2be3\" data-element_type=\"column\" data-e-type=\"column\" data-settings=\"{&quot;background_background&quot;:&quot;classic&quot;}\">\n\t\t\t<div class=\"elementor-widget-wrap elementor-element-populated\">\n\t\t\t\t\t\t<div class=\"elementor-element elementor-element-38f9153 elementor-widget elementor-widget-tm_icon_heading\" data-id=\"38f9153\" data-element_type=\"widget\" data-e-type=\"widget\" data-widget_type=\"tm_icon_heading.default\">\n\t\t\t\t<div class=\"elementor-widget-container\">\n\t\t\t\t\t\n<div class=\"themetechmount-iconbox themetechmount-iconbox-styleone themetechmount-iconcolor-skincolor\">\n<div class=\"themetechmount-iconbox-inner\">\n\t\t<div class=\"tm-iconbox-wrapper\">\n\t\t\t<div class=\"themetechmount-iconbox-icon\">\n\t\t\t<div class=\"tm-box-icon\"><i class=\"kw_wilddale flaticon-safari-8\"><\/i><\/div>\t\t\t<\/div>\n\t\t\t<div class=\"themetechmount-iconbox-heading\">\n\t\t\t\t<h2 class=\"tm-custom-heading\">\n\t\t\t\t\t\n\t\t\t\t\t\tObservac\u00e3o de p\u00e1ssaros\n\t\t\t\t\t\n\t\t\t\t\t<\/h2>\n\t\t\t\t\t\t\t\t\t\t\t\t<div class=\"tm-cta3-content-wrapper\">Ao longo da floresta de miombo e mopane, aves de diversas esp\u00e9cies mostrar\u00e3o as suas cores em interessantes centros de observa\u00e7\u00e3o de aves.<\/div>\t\t\t\t<div class=\"tm-iocnbox-btn\"><a href=\"https:\/\/parquezinave.gov.mz\/pt\/tours\/birdwatching\/\"><span>Leia mais<\/span><\/a><\/div>\t\t\t<\/div>\t\n\t\t<\/div>\n\t<\/div>\t\n\n<\/div>\n\t\t\t\t<\/div>\n\t\t\t\t<\/div>\n\t\t\t\t\t<\/div>\n\t\t<\/div>\n\t\t\t\t\t<\/div>\n\t\t<\/div>\n\t\t\t\t\t<\/div>\n\t\t<\/div>\n\t\t\t\t\t<\/div>\n\t\t<\/section>\n\t\t\t\t<\/div>","protected":false},"excerpt":{"rendered":"<p>Zinave National Park is accessed every day throughout the year at the following times: between 6:00 and 18:00 hours from October to March and from 07:00 to 17:00 hours from April to September. Activities Explore remotewilderness andbeautitiful treed scenery 4&#215;4 self-drive safari The Park has an extensive network of roads to explore the wildlife rich &hellip; <a href=\"https:\/\/parquezinave.gov.mz\/pt\/opening-hours\/\" class=\"more-link\">Continue reading <span class=\"screen-reader-text\">Hor\u00e1rio de funcionamento<\/span><\/a><\/p>","protected":false},"author":1,"featured_media":0,"parent":0,"menu_order":0,"comment_status":"closed","ping_status":"closed","template":"","meta":{"footnotes":""},"class_list":["post-12622","page","type-page","status-publish","hentry"],"_links":{"self":[{"href":"https:\/\/parquezinave.gov.mz\/pt\/wp-json\/wp\/v2\/pages\/12622","targetHints":{"allow":["GET"]}}],"collection":[{"href":"https:\/\/parquezinave.gov.mz\/pt\/wp-json\/wp\/v2\/pages"}],"about":[{"href":"https:\/\/parquezinave.gov.mz\/pt\/wp-json\/wp\/v2\/types\/page"}],"author":[{"embeddable":true,"href":"https:\/\/parquezinave.gov.mz\/pt\/wp-json\/wp\/v2\/users\/1"}],"replies":[{"embeddable":true,"href":"https:\/\/parquezinave.gov.mz\/pt\/wp-json\/wp\/v2\/comments?post=12622"}],"version-history":[{"count":5,"href":"https:\/\/parquezinave.gov.mz\/pt\/wp-json\/wp\/v2\/pages\/12622\/revisions"}],"predecessor-version":[{"id":13550,"href":"https:\/\/parquezinave.gov.mz\/pt\/wp-json\/wp\/v2\/pages\/12622\/revisions\/13550"}],"wp:attachment":[{"href":"https:\/\/parquezinave.gov.mz\/pt\/wp-json\/wp\/v2\/media?parent=12622"}],"curies":[{"name":"wp","href":"https:\/\/api.w.org\/{rel}","templated":true}]}}