{"id":12799,"date":"2022-04-29T05:24:51","date_gmt":"2022-04-29T05:24:51","guid":{"rendered":"http:\/\/parquezinave.gov.mz\/?page_id=12799"},"modified":"2022-07-18T13:37:04","modified_gmt":"2022-07-18T13:37:04","slug":"activities","status":"publish","type":"page","link":"https:\/\/parquezinave.gov.mz\/pt\/activities\/","title":{"rendered":"Actividades"},"content":{"rendered":"<div data-elementor-type=\"wp-page\" data-elementor-id=\"12799\" class=\"elementor elementor-12799\">\n\t\t\t\t\t\t<section class=\"elementor-section elementor-top-section elementor-element elementor-element-93a95da tm-column-break-ipad-yes elementor-section-stretched tm-col-stretched-none elementor-section-boxed elementor-section-height-default elementor-section-height-default\" data-id=\"93a95da\" data-element_type=\"section\" data-e-type=\"section\" data-settings=\"{&quot;stretch_section&quot;:&quot;section-stretched&quot;,&quot;background_background&quot;:&quot;classic&quot;}\">\n\t\t\t\t\t\t<div class=\"elementor-container elementor-column-gap-no\">\n\t\t\t\t\t<div class=\"elementor-column elementor-col-50 elementor-top-column elementor-element elementor-element-0e870e7\" data-id=\"0e870e7\" data-element_type=\"column\" data-e-type=\"column\">\n\t\t\t<div class=\"elementor-widget-wrap elementor-element-populated\">\n\t\t\t\t\t\t<div class=\"elementor-element elementor-element-263c467 elementor-widget elementor-widget-image\" data-id=\"263c467\" data-element_type=\"widget\" data-e-type=\"widget\" data-widget_type=\"image.default\">\n\t\t\t\t<div class=\"elementor-widget-container\">\n\t\t\t\t\t\t\t\t\t\t\t\t\t\t\t<img fetchpriority=\"high\" decoding=\"async\" width=\"600\" height=\"703\" src=\"https:\/\/parquezinave.gov.mz\/wp-content\/uploads\/2022\/04\/activities-about.jpg\" class=\"attachment-large size-large wp-image-12862\" alt=\"\" srcset=\"https:\/\/parquezinave.gov.mz\/wp-content\/uploads\/2022\/04\/activities-about.jpg 600w, https:\/\/parquezinave.gov.mz\/wp-content\/uploads\/2022\/04\/activities-about-256x300.jpg 256w\" sizes=\"(max-width: 600px) 100vw, 600px\" data-id=\"12862\" \/>\t\t\t\t\t\t\t\t\t\t\t\t\t\t\t<\/div>\n\t\t\t\t<\/div>\n\t\t\t\t\t<\/div>\n\t\t<\/div>\n\t\t\t\t<div class=\"elementor-column elementor-col-50 elementor-top-column elementor-element elementor-element-e5ff7cf\" data-id=\"e5ff7cf\" data-element_type=\"column\" data-e-type=\"column\">\n\t\t\t<div class=\"elementor-widget-wrap elementor-element-populated\">\n\t\t\t\t\t\t<div class=\"elementor-element elementor-element-ff398eb tm-align-left elementor-widget elementor-widget-tm_heading\" data-id=\"ff398eb\" data-element_type=\"widget\" data-e-type=\"widget\" data-widget_type=\"tm_heading.default\">\n\t\t\t\t<div class=\"elementor-widget-container\">\n\t\t\t\t\t<div class=\"tm-element-heading-content-wrapper left-align tm-reverse-heading-yes tm-seperator-none  tm-heading-style-vertical\"><div class=\"tm-content-header\"><h2 class=\"tm-element-content-heading\">\n\t\t\t\tExplore \u00e1reas selvagens remotas e belas paisagens arb\u00f3reas\n\t\t\t<\/h2>\n\t\t<\/div><\/div>\t\t\t\t<\/div>\n\t\t\t\t<\/div>\n\t\t\t\t<div class=\"elementor-element elementor-element-e9e1d00 elementor-widget elementor-widget-text-editor\" data-id=\"e9e1d00\" data-element_type=\"widget\" data-e-type=\"widget\" data-widget_type=\"text-editor.default\">\n\t\t\t\t<div class=\"elementor-widget-container\">\n\t\t\t\t\t\t\t\t\t<p>Zinave fica dentro da \u00c1rea de Conserva\u00e7\u00e3o Transfronteiri\u00e7a do Grande Limpopo (GLTFCA) e faz parte de um antigo corredor de vida selvagem que ainda \u00e9 usado por animais migrat\u00f3rios, como elefantes, b\u00fafalos e v\u00e1rias esp\u00e9cies de predadores.<\/p>\t\t\t\t\t\t\t\t<\/div>\n\t\t\t\t<\/div>\n\t\t\t\t<div class=\"elementor-element elementor-element-6e06e87 elementor-widget elementor-widget-text-editor\" data-id=\"6e06e87\" data-element_type=\"widget\" data-e-type=\"widget\" data-widget_type=\"text-editor.default\">\n\t\t\t\t<div class=\"elementor-widget-container\">\n\t\t\t\t\t\t\t\t\t<p>The reintroduction of wildlife to Zinave National Park ensures excellent game viewing within the sanctuary area \u2013 over and above the offering of much sought after remote wilderness and beautiful treed scenery. Visitors will be attracted to the Save river, Zinave pan and various natural pans and water hole system within the Park where, over and above the reintroduced mammal species, rich birdlife and splendid photograph opportunities await.<\/p><p>Com a reintrodu\u00e7\u00e3o planeada de rinocerontes e le\u00f5es em 2022 (embora os le\u00f5es j\u00e1 tenham migrado naturalmente atrav\u00e9s da GLTFCA para o parque), o Parque Nacional de Zinave ser\u00e1 a primeira \u00e1rea de conserva\u00e7\u00e3o nacional com os Big 5 e uma popula\u00e7\u00e3o vi\u00e1vel de reprodu\u00e7\u00e3o de rinocerontes.<\/p>\t\t\t\t\t\t\t\t<\/div>\n\t\t\t\t<\/div>\n\t\t\t\t\t<\/div>\n\t\t<\/div>\n\t\t\t\t\t<\/div>\n\t\t<\/section>\n\t\t\t\t<section class=\"elementor-section elementor-top-section elementor-element elementor-element-76dfba7 elementor-section-stretched tm-column-break-ipad-no tm-col-stretched-none elementor-section-boxed elementor-section-height-default elementor-section-height-default\" data-id=\"76dfba7\" data-element_type=\"section\" data-e-type=\"section\" data-settings=\"{&quot;stretch_section&quot;:&quot;section-stretched&quot;,&quot;background_background&quot;:&quot;classic&quot;}\">\n\t\t\t\t\t\t<div class=\"elementor-container elementor-column-gap-default\">\n\t\t\t\t\t<div class=\"elementor-column elementor-col-100 elementor-top-column elementor-element elementor-element-482dcb9\" data-id=\"482dcb9\" data-element_type=\"column\" data-e-type=\"column\">\n\t\t\t<div class=\"elementor-widget-wrap elementor-element-populated\">\n\t\t\t\t\t\t<div class=\"elementor-element elementor-element-d0b343d tm-align-center elementor-widget elementor-widget-tm_tours_element\" data-id=\"d0b343d\" data-element_type=\"widget\" data-e-type=\"widget\" data-widget_type=\"tm_tours_element.default\">\n\t\t\t\t<div class=\"elementor-widget-container\">\n\t\t\t\t\t\n\t\t<div class=\"themetechmount-boxes themetechmount-boxes-tours themetechmount-element-toursbox-styleone themetechmount-boxes-view-carousel themetechmount-boxes-col-three tm-boxes-carousel-arrow- tm-boxes-carousel-arrows-0 themetechmount-boxes-gap-30px\" data-tm-show=\"4\" data-tm-loop=\"1\" data-tm-autoplay=\"0\" data-tm-centermode=\"0\" data-tm-nav=\"\" data-tm-dots=\"\" data-tm-slidestoscroll=\"1\" data-tm-autoplayspeed=\"4500\" data-tm-margin=\"30px\"><div class=\"themetechmount-boxes-inner\">\n\t\t\n\t\t\t<div class=\"themetechmount-box-heading-wrapper\">\n\t\t\t\t<div class=\"tm-element-heading-content-wrapper center-align tm-reverse-heading-yes tm-seperator-none  tm-heading-style-vertical\"><div class=\"tm-content-header\"><h4 class=\"tm-element-subheading\">\n\t\t\t\tSaiba mais sobre\n\t\t\t<\/h4>\n\t\t<h2 class=\"tm-element-content-heading\">\n\t\t\t\tActividades dispon\u00edveis\n\t\t\t<\/h2>\n\t\t<\/div><\/div>\t\t\t\t\t\t\t<\/div>\n\n\t\t\t<div class=\"themetechmount-boxes-row-wrapper row multi-columns-row\">\n\n\t\t\t<div class=\"tm-box-col-wrapper  activities col-lg-4 col-sm-6 col-md-4 col-xs-12\"><article class=\"themetechmount-box themetechmount-box-tours themetechmount-tourbox-styleone\">\n\t<div class=\"themetechmount-post-item\">\n\t\t<div class=\"tm-featured-wrapper tm-tm_tours-featured-wrapper\"><a href=\"https:\/\/parquezinave.gov.mz\/pt\/activities\/4x4selfdrive\/\"><img decoding=\"async\" width=\"740\" height=\"864\" src=\"https:\/\/parquezinave.gov.mz\/wp-content\/uploads\/2021\/10\/selfguided-740x864.jpg\" class=\"attachment-themetechmount-img-portfolio size-themetechmount-img-portfolio wp-post-image\" alt=\"\" data-id=\"12912\" \/><\/a><\/div>\t\t<div class=\"themetechmount-post-item-inner\">\n\t\t\t<div class=\"themetechmount-box-overlay\">\n\t\t\t\t<div class=\"themetechmount-box-content\">\t\n\t\t\t\t\t<div class=\"tm-tourbox-detials\">\n\t\t\t\t\t\t<div class=\"themetechmount-box-title\"><h4><a href=\"https:\/\/parquezinave.gov.mz\/pt\/activities\/4x4selfdrive\/\">Safari 4X4<\/a><\/h4><\/div>\t\t\t\t\t\t\t\n\t\t\t\t\t<\/div>\n\t\t\t\t\t<div class=\"themetechmount-tourbox-readmore\">\n\t\t\t\t\t\t<a href=\"https:\/\/parquezinave.gov.mz\/pt\/activities\/4x4selfdrive\/\">Leia mais<\/a>\t\t\t\t\t<\/div>\n\t\t\t\t<\/div>\n\t\t\t<\/div>\n\t\t<\/div>\n\t<\/div>\n<\/article><\/div><div class=\"tm-box-col-wrapper  activities col-lg-4 col-sm-6 col-md-4 col-xs-12\"><article class=\"themetechmount-box themetechmount-box-tours themetechmount-tourbox-styleone\">\n\t<div class=\"themetechmount-post-item\">\n\t\t<div class=\"tm-featured-wrapper tm-tm_tours-featured-wrapper\"><a href=\"https:\/\/parquezinave.gov.mz\/pt\/activities\/birdwatching\/\"><img decoding=\"async\" width=\"740\" height=\"864\" src=\"https:\/\/parquezinave.gov.mz\/wp-content\/uploads\/2021\/10\/birdwatching-740x864.jpg\" class=\"attachment-themetechmount-img-portfolio size-themetechmount-img-portfolio wp-post-image\" alt=\"\" data-id=\"12910\" \/><\/a><\/div>\t\t<div class=\"themetechmount-post-item-inner\">\n\t\t\t<div class=\"themetechmount-box-overlay\">\n\t\t\t\t<div class=\"themetechmount-box-content\">\t\n\t\t\t\t\t<div class=\"tm-tourbox-detials\">\n\t\t\t\t\t\t<div class=\"themetechmount-box-title\"><h4><a href=\"https:\/\/parquezinave.gov.mz\/pt\/activities\/birdwatching\/\">Observac\u00e3o de p\u00e1ssaros<\/a><\/h4><\/div>\t\t\t\t\t\t\t\n\t\t\t\t\t<\/div>\n\t\t\t\t\t<div class=\"themetechmount-tourbox-readmore\">\n\t\t\t\t\t\t<a href=\"https:\/\/parquezinave.gov.mz\/pt\/activities\/birdwatching\/\">Leia mais<\/a>\t\t\t\t\t<\/div>\n\t\t\t\t<\/div>\n\t\t\t<\/div>\n\t\t<\/div>\n\t<\/div>\n<\/article><\/div>\n\t\t\t<\/div>\n\n\t\t\t<\/div><!-- .themetechmount-boxes-inner -->   <\/div><!-- .themetechmount-boxes -->  \t\t\t\t<\/div>\n\t\t\t\t<\/div>\n\t\t\t\t\t<\/div>\n\t\t<\/div>\n\t\t\t\t\t<\/div>\n\t\t<\/section>\n\t\t\t\t<\/div>","protected":false},"excerpt":{"rendered":"<p>Explore remote wilderness and beautiful tree scenery Zinave lies within the Great Limpopo\u00a0Transfrontier Conservation Area (GLTFCA)\u00a0and forms part of an ancient wildlife corridor which is still used by migratory animals such as elephant, buffalo and various predator species. The reintroduction of wildlife to Zinave National Park ensures excellent game viewing within the sanctuary area \u2013 &hellip; <a href=\"https:\/\/parquezinave.gov.mz\/pt\/activities\/birdwatching\/\" class=\"more-link\">Continue reading <span class=\"screen-reader-text\">Observac\u00e3o de p\u00e1ssaros<\/span><\/a><\/p>","protected":false},"author":1,"featured_media":0,"parent":0,"menu_order":0,"comment_status":"closed","ping_status":"closed","template":"","meta":{"footnotes":""},"class_list":["post-12799","page","type-page","status-publish","hentry"],"_links":{"self":[{"href":"https:\/\/parquezinave.gov.mz\/pt\/wp-json\/wp\/v2\/pages\/12799","targetHints":{"allow":["GET"]}}],"collection":[{"href":"https:\/\/parquezinave.gov.mz\/pt\/wp-json\/wp\/v2\/pages"}],"about":[{"href":"https:\/\/parquezinave.gov.mz\/pt\/wp-json\/wp\/v2\/types\/page"}],"author":[{"embeddable":true,"href":"https:\/\/parquezinave.gov.mz\/pt\/wp-json\/wp\/v2\/users\/1"}],"replies":[{"embeddable":true,"href":"https:\/\/parquezinave.gov.mz\/pt\/wp-json\/wp\/v2\/comments?post=12799"}],"version-history":[{"count":5,"href":"https:\/\/parquezinave.gov.mz\/pt\/wp-json\/wp\/v2\/pages\/12799\/revisions"}],"predecessor-version":[{"id":13699,"href":"https:\/\/parquezinave.gov.mz\/pt\/wp-json\/wp\/v2\/pages\/12799\/revisions\/13699"}],"wp:attachment":[{"href":"https:\/\/parquezinave.gov.mz\/pt\/wp-json\/wp\/v2\/media?parent=12799"}],"curies":[{"name":"wp","href":"https:\/\/api.w.org\/{rel}","templated":true}]}}