{"id":13065,"date":"2022-04-29T15:14:58","date_gmt":"2022-04-29T15:14:58","guid":{"rendered":"http:\/\/parquezinave.gov.mz\/?page_id=13065"},"modified":"2022-06-16T12:25:44","modified_gmt":"2022-06-16T12:25:44","slug":"current-developments","status":"publish","type":"page","link":"https:\/\/parquezinave.gov.mz\/pt\/current-developments\/","title":{"rendered":"Desenvolvimentos actuais"},"content":{"rendered":"<div data-elementor-type=\"wp-page\" data-elementor-id=\"13065\" class=\"elementor elementor-13065\">\n\t\t\t\t\t\t<section class=\"elementor-section elementor-top-section elementor-element elementor-element-266333e5 tm-column-break-ipad-yes elementor-section-stretched tm-col-stretched-none elementor-section-boxed elementor-section-height-default elementor-section-height-default\" data-id=\"266333e5\" data-element_type=\"section\" data-e-type=\"section\" data-settings=\"{&quot;stretch_section&quot;:&quot;section-stretched&quot;,&quot;background_background&quot;:&quot;classic&quot;}\">\n\t\t\t\t\t\t<div class=\"elementor-container elementor-column-gap-default\">\n\t\t\t\t\t<div class=\"elementor-column elementor-col-100 elementor-top-column elementor-element elementor-element-0ee69fa\" data-id=\"0ee69fa\" data-element_type=\"column\" data-e-type=\"column\">\n\t\t\t<div class=\"elementor-widget-wrap elementor-element-populated\">\n\t\t\t\t\t\t<div class=\"elementor-element elementor-element-ceb831b tm-align-center elementor-widget elementor-widget-tm_heading\" data-id=\"ceb831b\" data-element_type=\"widget\" data-e-type=\"widget\" data-widget_type=\"tm_heading.default\">\n\t\t\t\t<div class=\"elementor-widget-container\">\n\t\t\t\t\t<div class=\"tm-element-heading-content-wrapper center-align  tm-seperator-none  tm-heading-style-vertical\"><div class=\"tm-content-header\"><h4 class=\"tm-element-subheading\">\n\t\t\t\tAo abrigo do acordo de co-gest\u00e3o de 25 anos assinado em 2018 entre a Administra\u00e7\u00e3o Nacional das \u00c1reas de Conserva\u00e7\u00e3o (ANAC) e a Peace Parks Foundation (PPF), os parceiros preparam-se para restabelecer as funda\u00e7\u00f5es do parque para que este possa crescer e desenvolver-se como um destino principal dentro da \u00c1rea de Conserva\u00e7\u00e3o Transfronteiri\u00e7a do Grande Limpopo. \n\t\t\t<\/h4>\n\t\t<\/div><\/div>\t\t\t\t<\/div>\n\t\t\t\t<\/div>\n\t\t\t\t\t<\/div>\n\t\t<\/div>\n\t\t\t\t\t<\/div>\n\t\t<\/section>\n\t\t\t\t<section class=\"elementor-section elementor-top-section elementor-element elementor-element-4d59ac4 tm-column-break-ipad-yes elementor-section-stretched tm-col-stretched-none elementor-section-boxed elementor-section-height-default elementor-section-height-default\" data-id=\"4d59ac4\" data-element_type=\"section\" data-e-type=\"section\" data-settings=\"{&quot;stretch_section&quot;:&quot;section-stretched&quot;}\">\n\t\t\t\t\t\t<div class=\"elementor-container elementor-column-gap-default\">\n\t\t\t\t\t<div class=\"elementor-column elementor-col-50 elementor-top-column elementor-element elementor-element-17ec9f7\" data-id=\"17ec9f7\" data-element_type=\"column\" data-e-type=\"column\">\n\t\t\t<div class=\"elementor-widget-wrap elementor-element-populated\">\n\t\t\t\t\t\t<div class=\"elementor-element elementor-element-d9b8c01 elementor-arrows-position-inside elementor-pagination-position-outside elementor-widget elementor-widget-image-carousel\" data-id=\"d9b8c01\" data-element_type=\"widget\" data-e-type=\"widget\" data-settings=\"{&quot;slides_to_show&quot;:&quot;1&quot;,&quot;navigation&quot;:&quot;both&quot;,&quot;autoplay&quot;:&quot;yes&quot;,&quot;pause_on_hover&quot;:&quot;yes&quot;,&quot;pause_on_interaction&quot;:&quot;yes&quot;,&quot;autoplay_speed&quot;:5000,&quot;infinite&quot;:&quot;yes&quot;,&quot;effect&quot;:&quot;slide&quot;,&quot;speed&quot;:500}\" data-widget_type=\"image-carousel.default\">\n\t\t\t\t<div class=\"elementor-widget-container\">\n\t\t\t\t\t\t\t<div class=\"elementor-image-carousel-wrapper swiper\" role=\"region\" aria-roledescription=\"carousel\" aria-label=\"Carrossel de imagens\" dir=\"ltr\">\n\t\t\t<div class=\"elementor-image-carousel swiper-wrapper\" aria-live=\"off\">\n\t\t\t\t\t\t\t\t<div class=\"swiper-slide\" role=\"group\" aria-roledescription=\"slide\" aria-label=\"1 of 10\"><figure class=\"swiper-slide-inner\"><img decoding=\"async\" class=\"swiper-slide-image\" src=\"https:\/\/parquezinave.gov.mz\/wp-content\/uploads\/2022\/06\/ZNP_infrastructure_4_2018.jpeg\" alt=\"ZNP_infrastructure_4_2018\" \/><\/figure><\/div><div class=\"swiper-slide\" role=\"group\" aria-roledescription=\"slide\" aria-label=\"2 of 10\"><figure class=\"swiper-slide-inner\"><img decoding=\"async\" class=\"swiper-slide-image\" src=\"https:\/\/parquezinave.gov.mz\/wp-content\/uploads\/2022\/06\/902A0654.jpg\" alt=\"902A0654\" \/><\/figure><\/div><div class=\"swiper-slide\" role=\"group\" aria-roledescription=\"slide\" aria-label=\"3 of 10\"><figure class=\"swiper-slide-inner\"><img decoding=\"async\" class=\"swiper-slide-image\" src=\"https:\/\/parquezinave.gov.mz\/wp-content\/uploads\/2022\/06\/902A0700.jpg\" alt=\"902A0700\" \/><\/figure><\/div><div class=\"swiper-slide\" role=\"group\" aria-roledescription=\"slide\" aria-label=\"4 of 10\"><figure class=\"swiper-slide-inner\"><img decoding=\"async\" class=\"swiper-slide-image\" src=\"https:\/\/parquezinave.gov.mz\/wp-content\/uploads\/2022\/06\/902A1435.jpg\" alt=\"902A1435\" \/><\/figure><\/div><div class=\"swiper-slide\" role=\"group\" aria-roledescription=\"slide\" aria-label=\"5 of 10\"><figure class=\"swiper-slide-inner\"><img decoding=\"async\" class=\"swiper-slide-image\" src=\"https:\/\/parquezinave.gov.mz\/wp-content\/uploads\/2022\/06\/902A0533.jpg\" alt=\"902A0533\" \/><\/figure><\/div><div class=\"swiper-slide\" role=\"group\" aria-roledescription=\"slide\" aria-label=\"6 of 10\"><figure class=\"swiper-slide-inner\"><img decoding=\"async\" class=\"swiper-slide-image\" src=\"https:\/\/parquezinave.gov.mz\/wp-content\/uploads\/2022\/06\/ZNP_infrastructure_5_2018.jpeg\" alt=\"ZNP_infrastructure_5_2018\" \/><\/figure><\/div><div class=\"swiper-slide\" role=\"group\" aria-roledescription=\"slide\" aria-label=\"7 of 10\"><figure class=\"swiper-slide-inner\"><img decoding=\"async\" class=\"swiper-slide-image\" src=\"https:\/\/parquezinave.gov.mz\/wp-content\/uploads\/2022\/06\/DSC_4219.jpg\" alt=\"DSC_4219\" \/><\/figure><\/div><div class=\"swiper-slide\" role=\"group\" aria-roledescription=\"slide\" aria-label=\"8 of 10\"><figure class=\"swiper-slide-inner\"><img decoding=\"async\" class=\"swiper-slide-image\" src=\"https:\/\/parquezinave.gov.mz\/wp-content\/uploads\/2022\/06\/Sable.jpg\" alt=\"Sable\" \/><\/figure><\/div><div class=\"swiper-slide\" role=\"group\" aria-roledescription=\"slide\" aria-label=\"9 of 10\"><figure class=\"swiper-slide-inner\"><img decoding=\"async\" class=\"swiper-slide-image\" src=\"https:\/\/parquezinave.gov.mz\/wp-content\/uploads\/2022\/06\/DSC_5671.jpg\" alt=\"DSC_5671\" \/><\/figure><\/div><div class=\"swiper-slide\" role=\"group\" aria-roledescription=\"slide\" aria-label=\"10 of 10\"><figure class=\"swiper-slide-inner\"><img decoding=\"async\" class=\"swiper-slide-image\" src=\"https:\/\/parquezinave.gov.mz\/wp-content\/uploads\/2022\/06\/DSC_5683.jpg\" alt=\"DSC_5683\" \/><\/figure><\/div>\t\t\t<\/div>\n\t\t\t\t\t\t\t\t\t\t\t\t<div class=\"elementor-swiper-button elementor-swiper-button-prev\" role=\"button\" tabindex=\"0\">\n\t\t\t\t\t\t<i aria-hidden=\"true\" class=\"eicon-chevron-left\"><\/i>\t\t\t\t\t<\/div>\n\t\t\t\t\t<div class=\"elementor-swiper-button elementor-swiper-button-next\" role=\"button\" tabindex=\"0\">\n\t\t\t\t\t\t<i aria-hidden=\"true\" class=\"eicon-chevron-right\"><\/i>\t\t\t\t\t<\/div>\n\t\t\t\t\n\t\t\t\t\t\t\t\t\t<div class=\"swiper-pagination\"><\/div>\n\t\t\t\t\t\t\t\t\t<\/div>\n\t\t\t\t\t\t<\/div>\n\t\t\t\t<\/div>\n\t\t\t\t\t<\/div>\n\t\t<\/div>\n\t\t\t\t<div class=\"elementor-column elementor-col-50 elementor-top-column elementor-element elementor-element-56976d7\" data-id=\"56976d7\" data-element_type=\"column\" data-e-type=\"column\">\n\t\t\t<div class=\"elementor-widget-wrap elementor-element-populated\">\n\t\t\t\t\t\t<div class=\"elementor-element elementor-element-d602be3 tm-align-left elementor-widget elementor-widget-tm_heading\" data-id=\"d602be3\" data-element_type=\"widget\" data-e-type=\"widget\" data-widget_type=\"tm_heading.default\">\n\t\t\t\t<div class=\"elementor-widget-container\">\n\t\t\t\t\t<div class=\"tm-element-heading-content-wrapper left-align tm-reverse-heading-yes tm-seperator-none tm-content-with-desc tm-heading-style-vertical\"><div class=\"tm-content-header\"><\/div><div class=\"tm-element-content-desctxt\">Nos \u00faltimos cinco anos, foram desenvolvidas infraestruturas que incluem instala\u00e7\u00f5es de escrit\u00f3rios e oficinas novas e melhoradas, pista de aterragem, alojamento de pessoal e piquetes de fiscais, novos port\u00f5es de entrada e expans\u00e3o da rede rodovi\u00e1ria e sinaliza\u00e7\u00e3o.<br \/><br \/>\n\nPessoal adicional foi contratado, equipado e capacitado e foram adquiridos bens essenciais, tais como ve\u00edculos, cami\u00f5es, avi\u00f5es e um helic\u00f3ptero para permitir a gest\u00e3o eficaz da \u00e1rea de conserva\u00e7\u00e3o. Paralelamente, os servi\u00e7os de protec\u00e7\u00e3o foram revitalizados e a \u00e1rea est\u00e1 bem protegida. Fiscais adicionais foram contratados pelas comunidades, treinados, equipados e destacados no parque.<br \/><br \/>\nEm 2022, a capacidade de protec\u00e7\u00e3o do parque foi melhorada ainda mais em prepara\u00e7\u00e3o para a chegada dos Big-5 ao parque. Isto incluiu o emprego e forma\u00e7\u00e3o de mais fiscais e a aquisi\u00e7\u00e3o de um helic\u00f3ptero para resposta r\u00e1pida e a implementa\u00e7\u00e3o de uma rede \u201cLORA\u201d (capacidade de rede de longo alcance) em todo o parque.<\/div><\/div>\t\t\t\t<\/div>\n\t\t\t\t<\/div>\n\t\t\t\t\t<\/div>\n\t\t<\/div>\n\t\t\t\t\t<\/div>\n\t\t<\/section>\n\t\t\t\t<section class=\"elementor-section elementor-top-section elementor-element elementor-element-2faf57d elementor-section-full_width elementor-section-stretched tm-column-break-ipad-yes tm-bgcolor-grey tm-col-stretched-both elementor-section-height-default elementor-section-height-default\" data-id=\"2faf57d\" data-element_type=\"section\" data-e-type=\"section\" data-settings=\"{&quot;stretch_section&quot;:&quot;section-stretched&quot;}\">\n\t\t\t\t\t\t<div class=\"elementor-container elementor-column-gap-no\">\n\t\t\t\t\t<div class=\"elementor-column elementor-col-50 elementor-top-column elementor-element elementor-element-8964bdf tm-bgcolor-yes tm-col-bgcolor-darkgrey tm-paddingright0-1200\" data-id=\"8964bdf\" data-element_type=\"column\" data-e-type=\"column\">\n\t\t\t<div class=\"elementor-widget-wrap elementor-element-populated\">\n\t\t\t\t\t\t<div class=\"elementor-section elementor-inner-section elementor-element elementor-element-204955c elementor-section-full_width tm-column-break-ipad-no tm-col-stretched-none elementor-section-height-default elementor-section-height-default\" data-id=\"204955c\" data-element_type=\"section\" data-e-type=\"section\">\n\t\t\t\t\t\t<div class=\"elementor-container elementor-column-gap-default\">\n\t\t\t\t\t<div class=\"elementor-column elementor-col-100 elementor-inner-column elementor-element elementor-element-000d155\" data-id=\"000d155\" data-element_type=\"column\" data-e-type=\"column\">\n\t\t\t<div class=\"elementor-widget-wrap elementor-element-populated\">\n\t\t\t\t\t\t<div class=\"elementor-element elementor-element-937a021 elementor-widget elementor-widget-text-editor\" data-id=\"937a021\" data-element_type=\"widget\" data-e-type=\"widget\" data-widget_type=\"text-editor.default\">\n\t\t\t\t<div class=\"elementor-widget-container\">\n\t\t\t\t\t\t\t\t\t<p>Com uma \u00e1rea segura, a vida selvagem estar\u00e1 bem protegida e os n\u00fameros aumentar\u00e3o para permitir mais investimentos tur\u00edsticos. At\u00e9 \u00e0 data, mais de 2.280 animais, incluindo girafa, impala, reedbuck, waterbuck, javali, b\u00fafalo, zebra, gnu, zibelina e elefante, foram translocados para este santu\u00e1rio a partir de \u00e1reas de conserva\u00e7\u00e3o em Mo\u00e7ambique, Zimbabu\u00e9 e \u00c1frica do Sul. Em 2021, foram introduzidos os primeiros carn\u00edvoros em Zinave, que inclu\u00edam um cl\u00e3 de quatro hienas e dois leopardos. O Le\u00e3o e o Leopardo tamb\u00e9m regressaram ao Parque atrav\u00e9s da migra\u00e7\u00e3o natural dentro da GLTFCA.<\/p><p>O planeamento da realoca\u00e7\u00e3o para 2022 inclui a reconstitui\u00e7\u00e3o do le\u00e3o e do rinoceronte preto e branco, o plano do hartebeest de Eland e Lichtenstein a ser reintroduzido em 2022\/2023. Isto far\u00e1 de Zinave a primeira \u00e1rea de conserva\u00e7\u00e3o nacional Big-5 em Mo\u00e7ambique com a primeira popula\u00e7\u00e3o reprodutora vi\u00e1vel de rinocerontes preto e branco.<\/p><p>A refloresta\u00e7\u00e3o combinada com paisagens espectaculares e a frente do rio Save permitir\u00e3o uma experi\u00eancia tur\u00edstica de qualidade, permitindo o lan\u00e7amento de oportunidades de concess\u00e3o a partir de 2023. Estas oportunidades incluir\u00e3o oportunidades para investidores em concess\u00f5es para instala\u00e7\u00f5es de restaura\u00e7\u00e3o e auto-atendimento de cinco e tr\u00eas estrelas. Actualmente o Parque oferece uma variedade de acampamentos secos 4\u00d74 e instala\u00e7\u00f5es b\u00e1sicas de campismo e tendas no acampamento Tondo com vista para o rio Save e sistemas de bacias circundantes.<\/p><p>Estas oportunidades incluir\u00e3o oportunidades para investidores em concess\u00f5es para instala\u00e7\u00f5es com alimenta\u00e7\u00e3o e self catering de cinco e tr\u00eas estrelas. Actualmente o Parque oferece uma variedade de acampamentos secos 4\u00d74 e instala\u00e7\u00f5es b\u00e1sicas de campismo e tendas no acampamento Tondo com vista para o rio Save e sistemas de bacias circundantes.<\/p>\t\t\t\t\t\t\t\t<\/div>\n\t\t\t\t<\/div>\n\t\t\t\t\t<\/div>\n\t\t<\/div>\n\t\t\t\t\t<\/div>\n\t\t<\/div>\n\t\t\t\t\t<\/div>\n\t\t<\/div>\n\t\t\t\t<div class=\"elementor-column elementor-col-50 elementor-top-column elementor-element elementor-element-3e89e59 tm-stretchmargin0 tm-stretchmargin0-1024\" data-id=\"3e89e59\" data-element_type=\"column\" data-e-type=\"column\" data-settings=\"{&quot;background_background&quot;:&quot;classic&quot;}\">\n\t\t\t<div class=\"elementor-widget-wrap\">\n\t\t\t\t\t\t\t<\/div>\n\t\t<\/div>\n\t\t\t\t\t<\/div>\n\t\t<\/section>\n\t\t\t\t<section class=\"elementor-section elementor-top-section elementor-element elementor-element-dbbff87 tm-column-break-ipad-yes elementor-section-stretched tm-container1210px tm-bgcolor-grey elementor-section-full_width tm-col-stretched-none elementor-section-height-default elementor-section-height-default\" data-id=\"dbbff87\" data-element_type=\"section\" data-e-type=\"section\" data-settings=\"{&quot;stretch_section&quot;:&quot;section-stretched&quot;,&quot;background_background&quot;:&quot;classic&quot;}\">\n\t\t\t\t\t\t\t<div class=\"elementor-background-overlay\"><\/div>\n\t\t\t\t\t\t\t<div class=\"elementor-container elementor-column-gap-no\">\n\t\t\t\t\t<div class=\"elementor-column elementor-col-100 elementor-top-column elementor-element elementor-element-47af2ae\" data-id=\"47af2ae\" data-element_type=\"column\" data-e-type=\"column\">\n\t\t\t<div class=\"elementor-widget-wrap elementor-element-populated\">\n\t\t\t\t\t\t<section class=\"elementor-section elementor-inner-section elementor-element elementor-element-b210adb tm-column-break-ipad-no tm-col-stretched-none elementor-section-boxed elementor-section-height-default elementor-section-height-default\" data-id=\"b210adb\" data-element_type=\"section\" data-e-type=\"section\">\n\t\t\t\t\t\t<div class=\"elementor-container elementor-column-gap-default\">\n\t\t\t\t\t<div class=\"elementor-column elementor-col-100 elementor-inner-column elementor-element elementor-element-6a8a825\" data-id=\"6a8a825\" data-element_type=\"column\" data-e-type=\"column\">\n\t\t\t<div class=\"elementor-widget-wrap elementor-element-populated\">\n\t\t\t\t\t\t<div class=\"elementor-element elementor-element-dd95d78 elementor-drop-cap-yes elementor-drop-cap-view-stacked elementor-widget elementor-widget-text-editor\" data-id=\"dd95d78\" data-element_type=\"widget\" data-e-type=\"widget\" data-settings=\"{&quot;drop_cap&quot;:&quot;yes&quot;}\" data-widget_type=\"text-editor.default\">\n\t\t\t\t<div class=\"elementor-widget-container\">\n\t\t\t\t\t\t\t\t\t<p>Tal como acontece com todos os parques, uma rela\u00e7\u00e3o ben\u00e9fica m\u00fatua com as comunidades \u00e9 essencial, de acordo com os regulamentos de Mo\u00e7ambique, as comunidades t\u00eam uma participa\u00e7\u00e3o de 20% nas receitas obtidas pelos parques e beneficiam atrav\u00e9s de aspectos como o desenvolvimento econ\u00f3mico regional e o emprego, tanto directamente pelo parque como atrav\u00e9s do turismo e outras oportunidades econ\u00f3micas derivadas.Ao longo do seu desenvolvimento nos \u00faltimos cinco anos, houve em m\u00e9dia 100 membros da comunidade empregados em programas de Eco empregos para obras como abertura de estradas, manuten\u00e7\u00e3o de veda\u00e7\u00f5es e constru\u00e7\u00e3o de instala\u00e7\u00f5es.<\/p><p>O parque tamb\u00e9m implementou certos programas de apoio comunit\u00e1rio, incluindo agricultura de conserva\u00e7\u00e3o e produ\u00e7\u00e3o de mel, bem como estabeleceu estruturas de governa\u00e7\u00e3o com as associa\u00e7\u00f5es comunit\u00e1rias e est\u00e1 actualmente a trabalhar em comit\u00e9s de gest\u00e3o de recursos naturais com as comunidades.<\/p>\t\t\t\t\t\t\t\t<\/div>\n\t\t\t\t<\/div>\n\t\t\t\t\t<\/div>\n\t\t<\/div>\n\t\t\t\t\t<\/div>\n\t\t<\/section>\n\t\t\t\t\t<\/div>\n\t\t<\/div>\n\t\t\t\t\t<\/div>\n\t\t<\/section>\n\t\t\t\t<\/div>","protected":false},"excerpt":{"rendered":"<p>Under the 25 year co-management agreement signed in 2018 between the National Administration for Conservation Areas (ANAC) and Peace Parks Foundation (PPF), the partners have set about to re-establish the foundations of the Park so that it may grow and develop as a premier destination within the Great Limpopo Transfrontier Conservation Area. Previous Next Over &hellip; <a href=\"https:\/\/parquezinave.gov.mz\/pt\/current-developments\/\" class=\"more-link\">Continue reading <span class=\"screen-reader-text\">Desenvolvimentos actuais<\/span><\/a><\/p>","protected":false},"author":1,"featured_media":0,"parent":0,"menu_order":0,"comment_status":"closed","ping_status":"closed","template":"","meta":{"footnotes":""},"class_list":["post-13065","page","type-page","status-publish","hentry"],"_links":{"self":[{"href":"https:\/\/parquezinave.gov.mz\/pt\/wp-json\/wp\/v2\/pages\/13065","targetHints":{"allow":["GET"]}}],"collection":[{"href":"https:\/\/parquezinave.gov.mz\/pt\/wp-json\/wp\/v2\/pages"}],"about":[{"href":"https:\/\/parquezinave.gov.mz\/pt\/wp-json\/wp\/v2\/types\/page"}],"author":[{"embeddable":true,"href":"https:\/\/parquezinave.gov.mz\/pt\/wp-json\/wp\/v2\/users\/1"}],"replies":[{"embeddable":true,"href":"https:\/\/parquezinave.gov.mz\/pt\/wp-json\/wp\/v2\/comments?post=13065"}],"version-history":[{"count":5,"href":"https:\/\/parquezinave.gov.mz\/pt\/wp-json\/wp\/v2\/pages\/13065\/revisions"}],"predecessor-version":[{"id":13629,"href":"https:\/\/parquezinave.gov.mz\/pt\/wp-json\/wp\/v2\/pages\/13065\/revisions\/13629"}],"wp:attachment":[{"href":"https:\/\/parquezinave.gov.mz\/pt\/wp-json\/wp\/v2\/media?parent=13065"}],"curies":[{"name":"wp","href":"https:\/\/api.w.org\/{rel}","templated":true}]}}